{"id":5003,"date":"2021-06-16T11:23:59","date_gmt":"2021-06-16T09:23:59","guid":{"rendered":"https:\/\/xelaprop.com\/politica-de-cookies\/"},"modified":"2021-06-16T11:23:59","modified_gmt":"2021-06-16T09:23:59","slug":"politica-de-cookies","status":"publish","type":"page","link":"https:\/\/xelaprop.com\/en\/politica-de-cookies\/","title":{"rendered":"Pol\u00edtica de cookies"},"content":{"rendered":"\n<p>Le informamos que esta p\u00e1gina web, como la mayor\u00eda en Internet, utiliza cookies estos objetos tambi\u00e9n reciben el nombre de DARD\u2019s (Dispositivos de Almacenamiento y Recuperaci\u00f3n de Datos). Quiz\u00e1s se preguntes porqu\u00e9 se les llaman cookies a estas tecnolog\u00edas de seguimiento. \u00bfRecuerda el cuento de los Hermanos Grimm Hansel &amp; Gretel? Los dos hermanos desmigaban galletas para acordarse del camino de vuelta a casa. Esta tecnolog\u00eda hace algo parecido en su equipo, deja unos peque\u00f1os archivos de texto, como migajas, para que la p\u00e1gina web pueda reconocer por ejemplo el idioma que utiliza habitualmente.<\/p>\n\n\n\n<p>Las cookies son una peque\u00f1a cantidad de informaci\u00f3n que se almacena en el equipo del usuario. Se utilizan porque las p\u00e1ginas web no tienen memoria. A un usuario que va de una p\u00e1gina a otra en una p\u00e1gina web no se le reconoce como el mismo usuario. Las cookies permiten que la p\u00e1gina web reconozca el navegador del usuario. Por lo tanto, las cookies se utilizan generalmente para recordar las opciones que el usuario ha escogido (por ejemplo, recordar el idioma que utiliza) o para reconocer a usuarios que frecuentan la p\u00e1gina web.<\/p>\n\n\n\n<p>Las cookies pueden ser \u00abde sesi\u00f3n\u00bb o permanentes. Las de sesi\u00f3n permiten identificar al usuario durante la sesi\u00f3n en directo, lo que significa que las cookies son memorizadas y \u00fanicamente tienen validez el tiempo que dure una sesi\u00f3n activa, esto es, durante su visita a la web. Estas cookies no graban de forma permanente ninguna informaci\u00f3n en el disco duro de su ordenador y expiran al final de la sesi\u00f3n.<\/p>\n\n\n\n<p>Nuestra p\u00e1gina web utiliza 3 tipos de cookies:<br><\/p>\n\n\n\n<ul class=\"wp-block-list\"><li><strong>Cookies t\u00e9cnicas:<\/strong> Utilizamos cookies t\u00e9cnicas para mostrar nuestra p\u00e1gina web, hacer que funcione correctamente. Estas cookies t\u00e9cnicas son necesarias para que nuestra p\u00e1gina web funcione correctamente.<\/li><li><strong>Cookies funcionales:<\/strong> Tambi\u00e9n utilizamos cookies funcionales para recordar sus preferencias y para ayudarle a utilizar nuestra p\u00e1gina web de forma eficiente y efectiva, como recordar idiomas favoritos. Estas cookies funcionales no son necesarias para el funcionamiento de nuestra p\u00e1gina web, pero le a\u00f1aden funcionalidad para mejorar la experiencia del usuario.<\/li><li><strong>Cookies anal\u00edticas:<\/strong> utilicemos Google Analytics, un servicio de an\u00e1lisis web de Google Inc. (1600 Amphitheatre Parkway, Mountain View, CA 94043, los EE. UU.; de ahora en adelante, \u201cGoogle\u201d). Google Analytics utiliza las Cookies o dispositivos de almacenamiento y recuperaci\u00f3n de datos que se describen en la tabla adjunta a esta pol\u00edtica de Cookies. Estos archivos de texto se almacenan en su equipo y hacen que sea posible analizar su uso de nuestros sitios web. La informaci\u00f3n sobre el uso que hace de nuestros sitios web que se genera mediante la Cookie se transfiere normalmente al servidor de Google en los EE. UU., donde est\u00e1 almacenado.<\/li><\/ul>\n\n\n\n<p><br>Sin embargo, el servicio de anonimizaci\u00f3n IP se ha activado en nuestro sitio web. Esto quiere decir que Google acortar\u00e1 su direcci\u00f3n IP previamente y esto se realizar\u00e1 dentro de los estados miembro de la Uni\u00f3n Europea u otros signatarios del tratado del \u00e1rea Econ\u00f3mica Europea. Solo en casos excepcionales (servidores no situados en un pa\u00eds miembro de la Uni\u00f3n Europea o fuera de los estados contratantes de la convenci\u00f3n o del \u00e1rea Econ\u00f3mica Europea) se transmite la direcci\u00f3n IP completa a un servidor en los EE. UU. y se acorta all\u00ed. Google utilizar\u00e1 esta informaci\u00f3n para analizar el uso del sitio web, recopilar informes sobre las actividades en el mismo y proporcionarnos otros servicios asociados con el uso del sitio web y de Internet. La direcci\u00f3n IP transmitida por su navegador en el marco de las operaciones de Google Analytics no se combinar\u00e1 con otros datos de Google. Al utilizar nuestra web, acepta que Google procese los datos que recopile de usted en la manera descrita anteriormente y para el fin mencionado m\u00e1s arriba.<br><\/p>\n\n\n\n<p>Si no quiere que recopilemos y analizamos informaci\u00f3n sobre su visita, puede utilizar la plataforma de gesti\u00f3n de consentimientos o CMP habilitado en el web o darse de baja m\u00e1s adelante en cualquier momento. Puede detener que las Cookies de Google se guarden a trav\u00e9s de la configuraci\u00f3n del software del navegador o descargar el complemento del navegador para desactivar Google Analytics, que est\u00e1 disponible en el siguiente enlace, evita que Google recopile y procese los datos (incluso su direcci\u00f3n IP) que se generan por la Cookie y que est\u00e1n relacionados con el uso de nuestros sitio web: <\/p>\n\n\n\n<p><a href=\"https:\/\/tools.google.com\/dlpage\/gaoptout.%20\" target=\"_blank\" rel=\"noopener\">https:\/\/tools.google.com\/dlpage\/gaoptout.<\/a> Tenga en cuenta que este complemento del navegador se puede utilizar solo en un dispositivo espec\u00edfico. Si elimina Cookies o utiliza otro dispositivo o navegador, tendr\u00e1 que volver a descargar y ejecutar el complemento del navegador.<br><\/p>\n\n\n\n<p>Concretamente en nuestra web utilizamos los siguientes tipos de Cookies:<\/p>\n\n\n\n<figure class=\"wp-block-table\"><table><tbody><tr><td>Nombre<\/td><td>Tipo<\/td><td>Caducidad<\/td><td>Finalidad<\/td><\/tr><tr><td><strong>cookielawinfo-checkbox-necessary<\/strong><br><strong>cookielawinfo-checkbox-non-necessary<\/strong><\/td><td>Propia T\u00e9cnica<\/td><td>1 a\u00f1o<\/td><td>Establecida por el Plugin GDPR Cookie Consent. Se emplea para recordar el consentimiento del usuario de las cookies categorizadas como &#8220;No necesarias&#8221; y \u201cNecesarias\u201d<\/td><\/tr><tr><td><strong>viewed_cookie_policy<\/strong><\/td><td>Propia T\u00e9cnica<\/td><td>1 a\u00f1o<\/td><td>Establecida por el Plugin GDPR Cookie Consent para almacenar si el usuario ha consentido o no al uso de cookies. No guarda ning\u00fan dato personal.<\/td><\/tr><tr><td><strong>_ga,<\/strong><br><strong>_ga_#<\/strong><\/td><td>Anal\u00edtica \u2013 De terceros: Google Analytics<br>M\u00e1s informaci\u00f3n <a href=\"https:\/\/developers.google.com\/analytics\/devguides\/collection\/analyticsjs\/cookie-usage?hl=es\" target=\"_blank\" rel=\"noopener\">aqu\u00ed<\/a><\/td><td>2 a\u00f1os<\/td><td>Se usa para controlar los visitantes \u00fanicos de la web, almacena un identificador de cliente \u00fanico.<br>Adicionalmente, esta cookie proporciona un identificador \u00fanico que Google Analytics utiliza para asegurar la validez y la accesibilidad de la cookie, as\u00ed como una medida de seguridad extra.<\/td><\/tr><\/tbody><\/table><\/figure>\n\n\n\n<p><strong>\u00bfPuedo navegar sin cookies?<\/strong><br>Por supuesto, para ello tiene varias opciones:<br><\/p>\n\n\n\n<p>A trav\u00e9s del CMP instalado en esta web:<br>Mediante la configuraci\u00f3n de sus preferencias en el panel de configuraci\u00f3n del CMP que hemos instalado. Puede acceder desde el banner de consentimiento de cookies.<br><\/p>\n\n\n\n<p>A trav\u00e9s de la configuraci\u00f3n de su navegador:<br>Si no desea que los sitios web pongan ninguna cookie en su equipo, puede adaptar la configuraci\u00f3n del navegador de modo que se le notifique antes de que se coloque ninguna cookie. De igual modo, puede adaptar la configuraci\u00f3n de forma que el navegador rechace todas las cookies, o \u00fanicamente las cookies de terceros. Tambi\u00e9n puede eliminar cualquiera de las cookies que ya se encuentren en el equipo. Tenga en cuenta que tendr\u00e1 que adaptar por separado la configuraci\u00f3n de cada navegador y equipo que utilice.<br><\/p>\n\n\n\n<p>Si accede a la configuraci\u00f3n de su navegador (ej. Internet Explorer, Safari, Firefox, Chrome) podr\u00e1 configurar qu\u00e9 cookies quiere aceptar o rechazar. Dependiendo del navegador, la configuraci\u00f3n de las cookies estar\u00e1 en un lugar u otro. Podr\u00e1 localizarla si usas la funci\u00f3n \u201cAyuda\u201d de su navegador.<br><\/p>\n\n\n\n<p>En todo momento podr\u00e1 acceder a la configuraci\u00f3n de su navegador aceptando o rechazando todas las cookies, o bien seleccionar aqu\u00e9llas cuya instalaci\u00f3n admite y cu\u00e1les no, siguiendo uno de los siguientes procedimientos, que depende del navegador que utilice:<br><\/p>\n\n\n\n<p><strong>Google Chrome (en el Men\u00fa Herramientas):<\/strong><br>Configuraci\u00f3n &gt; Mostrar opciones avanzadas &gt; Privacidad (Configuraci\u00f3n de contenido) &gt; Cookies: https:\/\/support.google.com\/chrome\/answer\/95647?co=GENIE.Platform%3DDesktopandhl=es<br><\/p>\n\n\n\n<p><strong>Microsoft Internet Explorer (en el Men\u00fa Herramientas):<\/strong><br>Opciones de Internet &gt; Privacidad &gt; Avanzada: https:\/\/support.microsoft.com\/es-es\/help\/17442\/windows-internet-explorer-delete-manage-cookies<br><\/p>\n\n\n\n<p><strong>Firefox:<\/strong><br>Opciones &gt; Privacidad &gt; Cookies: https:\/\/support.mozilla.org\/es\/kb\/habilitar-y-deshabilitar-cookies-sitios-web-rastrear-preferencias<br><\/p>\n\n\n\n<p><strong>Safari, iPad y iPhone:<\/strong><br>Preferencias &gt; Privacidad: https:\/\/support.apple.com\/kb\/ph21411?locale=es_ES<br><\/p>\n\n\n\n<p><strong>Opera:<\/strong><br>Configuraci\u00f3n &gt; Opciones &gt; Avanzado &gt; Cookies: <a href=\"http:\/\/help.opera.com\/Windows\/12.00\/es-ES\/cookies.html\" target=\"_blank\" rel=\"noreferrer noopener\">http:\/\/help.opera.com\/Windows\/12.00\/es-ES\/cookies.html<\/a><\/p>\n\n\n\n<p>Estos navegadores est\u00e1n sometidos a continuas actualizaciones o modificaciones, por lo que no podemos garantizar que las instrucciones se ajusten completamente a la versi\u00f3n de su navegador. Tambi\u00e9n puede ser que utilice otro navegador no contemplado en estos enlaces como Konqueror, Arora, Flock, etc. Para evitar estos desajustes, puede acceder directamente desde las opciones de su navegador, generalmente en el men\u00fa de &#8220;Opciones&#8221; en la secci\u00f3n de &#8220;Privacidad&#8221;. En todo momento podr\u00e1 acceder a la configuraci\u00f3n de su navegador aceptando o rechazando todas las cookies, o bien seleccionar aqu\u00e9llas cuya instalaci\u00f3n admite y cu\u00e1les no, siguiendo uno de los siguientes procedimientos, que depende del navegador que utilice:<\/p>\n\n\n\n<p>Para desactivar las cookies en su tel\u00e9fono m\u00f3vil, consulte el manual del dispositivo para obtener m\u00e1s informaci\u00f3n.<\/p>\n\n\n\n<p>Puede obtener m\u00e1s informaci\u00f3n y consejos de ciberseguridad en Internet: <a href=\"https:\/\/www.incibe.es\/protege-tu-empresa\/blog\/navegacion-segura-y-privada-ti-y-tu-empresa-parte-i\" target=\"_blank\" rel=\"noopener\">https:\/\/www.incibe.es\/protege-tu-empresa\/blog\/navegacion-segura-y-privada-ti-y-tu-empresa-parte-i<\/a><\/p>\n\n\n\n<p>Teniendo en cuenta la forma en la que funciona Internet y los sitios web, no siempre contamos con informaci\u00f3n de las cookies que colocan terceras partes a trav\u00e9s de nuestro sitio web. Esto se aplica especialmente a casos en los que nuestra p\u00e1gina web contiene lo que se denominan elementos integrados: textos, documentos, im\u00e1genes o breves pel\u00edculas que se almacenan en otra parte, pero se muestran en nuestro sitio web o a trav\u00e9s del mismo.<\/p>\n\n\n\n<p>Por consiguiente, en caso de que se encuentre con este tipo de cookies en este sitio web y no est\u00e9n enumeradas en la lista anterior, le rogamos que nos lo comunique. O bien p\u00f3ngase en contacto directamente con el tercero para pedirle informaci\u00f3n sobre las cookies que coloca, la finalidad y la duraci\u00f3n de la cookie, y c\u00f3mo ha garantizado su privacidad.<\/p>\n","protected":false},"excerpt":{"rendered":"<p>Le informamos que esta p\u00e1gina web, como la mayor\u00eda en Internet, utiliza cookies estos objetos tambi\u00e9n reciben el nombre de DARD\u2019s (Dispositivos de Almacenamiento y Recuperaci\u00f3n de Datos). Quiz\u00e1s se &#8230; <a title=\"Pol\u00edtica de cookies\" class=\"read-more\" href=\"https:\/\/xelaprop.com\/en\/politica-de-cookies\/\" aria-label=\"Read more about Pol\u00edtica de cookies\">Read more<\/a><\/p>\n","protected":false},"author":2,"featured_media":4707,"parent":0,"menu_order":0,"comment_status":"closed","ping_status":"closed","template":"","meta":{"_acf_changed":false,"wpupg_custom_link":[],"wpupg_custom_link_behaviour":[],"wpupg_custom_link_nofollow":[],"wpupg_custom_image":[],"wpupg_custom_image_id":[],"_joinchat":[],"footnotes":""},"class_list":{"0":"post-5003","1":"page","2":"type-page","3":"status-publish","4":"has-post-thumbnail","6":"infinite-scroll-item","7":"no-featured-image-padding"},"acf":[],"_links":{"self":[{"href":"https:\/\/xelaprop.com\/en\/wp-json\/wp\/v2\/pages\/5003","targetHints":{"allow":["GET"]}}],"collection":[{"href":"https:\/\/xelaprop.com\/en\/wp-json\/wp\/v2\/pages"}],"about":[{"href":"https:\/\/xelaprop.com\/en\/wp-json\/wp\/v2\/types\/page"}],"author":[{"embeddable":true,"href":"https:\/\/xelaprop.com\/en\/wp-json\/wp\/v2\/users\/2"}],"replies":[{"embeddable":true,"href":"https:\/\/xelaprop.com\/en\/wp-json\/wp\/v2\/comments?post=5003"}],"version-history":[{"count":0,"href":"https:\/\/xelaprop.com\/en\/wp-json\/wp\/v2\/pages\/5003\/revisions"}],"wp:featuredmedia":[{"embeddable":true,"href":"https:\/\/xelaprop.com\/en\/wp-json\/wp\/v2\/media\/4707"}],"wp:attachment":[{"href":"https:\/\/xelaprop.com\/en\/wp-json\/wp\/v2\/media?parent=5003"}],"curies":[{"name":"wp","href":"https:\/\/api.w.org\/{rel}","templated":true}]}}