{"id":4987,"date":"2021-06-16T11:23:29","date_gmt":"2021-06-16T09:23:29","guid":{"rendered":"https:\/\/xelaprop.com\/aviso-legal\/"},"modified":"2023-04-18T10:59:42","modified_gmt":"2023-04-18T08:59:42","slug":"aviso-legal","status":"publish","type":"page","link":"https:\/\/xelaprop.com\/en\/aviso-legal\/","title":{"rendered":"Legal Advice"},"content":{"rendered":"\n<h3 class=\"wp-block-heading\">1. Identificaci\u00f3n del Prestador de Servicios:<\/h3>\n\n\n\n<p>Seg\u00fan establece el art\u00edculo 10 de la Ley 34\/2002, de 11 de Julio, de Servicios de la Sociedad de la Informaci\u00f3n y del Comercio Electr\u00f3nico (LSSICE), le indicamos a continuaci\u00f3n nuestros datos identificativos como prestadores de los servicios y titulares de esta p\u00e1gina web:<\/p>\n\n\n\n<ul class=\"wp-block-list\">\n<li>Empresa titular de la p\u00e1gina web:\u00a0 2009GRUPALEX S.L. (En adelante Xela Properties)<\/li>\n\n\n\n<li>NIF: B-65046674<\/li>\n\n\n\n<li>Direcci\u00f3n: Calle Doctor Trueta 183, 2\u00ba 9\u00aa \u2013 08005 BARCELONA<\/li>\n\n\n\n<li>Correo electr\u00f3nico: <a href=\"mailto:%20info@xelaprop.com\">&nbsp;info@xelaprop.com<\/a><\/li>\n<\/ul>\n\n\n\n<p>Xela Properties es una inmobiliaria especializada en la comercializaci\u00f3n propiedades en la ciudad de Barcelona (especialistas en Poblenou, Vila Ol\u00edmpica, Diagonal Mar y Distrito 22@). Contamos con una interesante cartera de propiedades, as\u00ed como con un equipo de profesionales altamente cualificados, con extensa trayectoria en el sector inmobiliario y con amplio conocimiento de la zona.<\/p>\n\n\n\n<p><\/p>\n\n\n\n<h3 class=\"wp-block-heading\">2. Alcance del Aviso Legal y Condiciones de Uso:<\/h3>\n\n\n\n<p>Con la navegaci\u00f3n y el uso de esta web se adquiere la condici\u00f3n de usuario. Como tal, el usuario acepta la totalidad de este Aviso Legal y de la Pol\u00edtica de Privacidad, de forma plena y sin ning\u00fan tipo de reserva. Tambi\u00e9n acepta la instalaci\u00f3n de Cookies seg\u00fan las preferencias seleccionadas en el centro de preferencias o CMP habilitado en la web. Puede conocer que Cookies utilizamos en esta p\u00e1gina web consultando nuestra <a href=\"https:\/\/xelaprop.com\/politica-de-cookies\/\" target=\"_blank\" rel=\"noreferrer noopener\">Pol\u00edtica de Cookies<\/a>.<br><\/p>\n\n\n\n<p>Por favor, como usuario de este sitio web, lea este Aviso Legal en el que establecemos las Condiciones Generales que regulan tanto el acceso, como la navegaci\u00f3n, as\u00ed como el uso de los contenidos de nuestra p\u00e1gina web.<br><\/p>\n\n\n\n<p>Desde esta web podr\u00e1 acceder a multitud de art\u00edculos, informaciones y datos (en adelante, \u201clos contenidos\u201d) en relaci\u00f3n a los inmuebles que vendemos y alquilamos y que son propiedad de Xela Properties. Como usuario se compromete a hacer un uso adecuado del sitio web y de los contenidos que Xela Properties ofrece a trav\u00e9s de su web. Con car\u00e1cter enunciativo, pero no limitativo, se proh\u00edbe al usuario en el sitio web:<\/p>\n\n\n\n<ol class=\"wp-block-list\">\n<li>Incurrir en actividades il\u00edcitas, ilegales o contrarias a la buena fe y al orden p\u00fablico.<\/li>\n\n\n\n<li>Difundir contenidos o propaganda de car\u00e1cter racista, xen\u00f3fobo, pornogr\u00e1fico-ilegal, de apolog\u00eda del terrorismo o atentatorio contra los derechos humanos.<\/li>\n\n\n\n<li>Provocar da\u00f1os en los sistemas f\u00edsicos y l\u00f3gicos de Xela Properties, de sus proveedores o de terceras personas, introducir o difundir en la red virus inform\u00e1ticos o cualesquiera otros sistemas f\u00edsicos o l\u00f3gicos que sean susceptibles de provocar los da\u00f1os anteriormente mencionados.<\/li>\n\n\n\n<li>Intentar acceder y, en su caso, utilizar las cuentas de correo electr\u00f3nico de otros usuarios y modificar o manipular sus mensajes<\/li>\n\n\n\n<li>Cualquier utilizaci\u00f3n del sitio web distinta a la autorizada est\u00e1 expresamente prohibida.<\/li>\n<\/ol>\n\n\n\n<p>Xela Properties se reserva el derecho de retirar todos aquellos comentarios y aportaciones de los usuarios que vulneren el respeto a la dignidad de la persona, que sean discriminatorios, xen\u00f3fobos, racistas, pornogr\u00e1ficos, que atenten contra la juventud o la infancia, el orden o la seguridad p\u00fablica o que, a su juicio, no resultaran adecuados para su publicaci\u00f3n.<\/p>\n\n\n\n<p>En cualquier caso, Xela Properties no ser\u00e1 responsable de las opiniones vertidas por los usuarios a trav\u00e9s de la web, blog, redes sociales u otras herramientas de participaci\u00f3n social que puedan crearse.<br><\/p>\n\n\n\n<p><strong>Propiedad Intelectual:<\/strong><\/p>\n\n\n\n<p>Todos los derechos sobre los contenidos de esta web pertenecen a Xela Properties, salvo aquellos que pertenezcan a sus clientes, partners o proveedores de contenidos.<br><\/p>\n\n\n\n<p>Como usuario, puede visualizar y mostrar el contenido de la p\u00e1gina web en la pantalla de un ordenador, tablet, smartphone o dispositivo equivalente, almacenar ese contenido en formato electr\u00f3nico en la memoria interna del dispositivo (pero no en un servidor ni en un dispositivo de memoria conectado a Internet) o imprimir una copia de contenido para su uso personal y no comercial, debiendo, aun as\u00ed, mantener toda la informaci\u00f3n relacionada con los derechos de propiedad intelectual.<\/p>\n\n\n\n<p><br>El acceso a la p\u00e1gina web no le confiere como usuario ning\u00fan derecho sobre el contenido puesto a disposici\u00f3n por Xela Properties.<br><\/p>\n\n\n\n<p>A t\u00edtulo enunciativo y no exhaustivo, el dise\u00f1o, im\u00e1genes, mapas, gr\u00e1ficos, marcos (\u201cframes\u201d), banners, el software y sus distintos c\u00f3digos, fuente y objeto, y dem\u00e1s elementos integradores de la p\u00e1gina web son titularidad de Xela Properties, que posee leg\u00edtimamente los derechos de explotaci\u00f3n sobre los mismos. En consecuencia, como usuario que accede a la web no puede bajo ning\u00fan concepto copiarlos, modificarlos, distribuirlos, transmitirlos, reproducirlos, publicarlos, licenciarlos, cederlos, venderlos o transmitirlos de cualquier forma, o crear nuevos productos o servicios derivados de la informaci\u00f3n y elementos aqu\u00ed contenidos. Queda \u00fanicamente autorizada la mera visualizaci\u00f3n y carga para el uso personal y no comercial del usuario.<br><\/p>\n\n\n\n<p>Quedan prohibidos cualesquiera recursos tecnol\u00f3gicos o t\u00e9cnicos, por los cuales un tercero o el usuario puedan beneficiarse con o sin lucro de los contenidos, formas, \u00edndices, y dem\u00e1s expresiones formales que formen parte de la p\u00e1gina web. En particular queda prohibida cualquier alteraci\u00f3n de la web que pueda afectar a su actual contenido, tales como enlaces, hiperenlaces, enmarcado (\u201cframing\u201d), o similares.<br><\/p>\n\n\n\n<p>Cualquier uso indebido de las mismas por personas diferentes de su leg\u00edtimo titular y sin el consentimiento expreso e inequ\u00edvoco por parte de \u00e9ste podr\u00e1 ser denunciado y perseguido a trav\u00e9s de todos los medios legales existentes en el Ordenamiento Jur\u00eddico espa\u00f1ol y\/o Comunitario.<\/p>\n\n\n\n<p><\/p>\n\n\n\n<h3 class=\"wp-block-heading\">3. Pol\u00edtica de Links:<\/h3>\n\n\n\n<p>Los Links son enlaces de hipertexto que vinculan a otra web o recurso.<\/p>\n\n\n\n<p><br><strong>Enlaces de Xela Properties a p\u00e1ginas web de terceros:<br><\/strong>En esta web encontrar\u00e1 links a otras p\u00e1ginas web gestionadas por terceros. Xela Properties no puede controlar la informaci\u00f3n, contenidos, productos o servicios facilitados en otros sitios web. No nos hacemos responsables del contenido o dem\u00e1s aspectos de p\u00e1ginas web ajenas. Le recomendamos que cuando acceda a otras p\u00e1ginas web lea con atenci\u00f3n su Pol\u00edtica de Privacidad y sus T\u00e9rminos y Condiciones de Uso.<br><\/p>\n\n\n\n<p><strong>Enlaces externos con destino a Xela Properties:<\/strong><br>Si cualquier otro sitio web, usuario o entidad, deseara establecer un link o hiperenlace con destino a Xela Properties, este enlace deber\u00e1 someterse a las condiciones que a continuaci\u00f3n se detallan:<\/p>\n\n\n\n<ol class=\"wp-block-list\" type=\"1\">\n<li>El link ir\u00e1 dirigido a la p\u00e1gina principal o a cualquiera de sus secciones. El link, en cualquier caso, debe ser absoluto y completo llevando al usuario con un solo clic a la URL de la home page o a la URL de cualquiera de las secciones de los web. El link deber\u00e1 abarcar toda la extensi\u00f3n de pantalla de la p\u00e1gina web.<\/li>\n\n\n\n<li>En ning\u00fan caso, salvo expresa autorizaci\u00f3n por escrito por parte de Xela Properties, el sitio web que establece el enlace podr\u00e1 reproducir de cualquier manera la p\u00e1gina web Xela Properties, incluy\u00e9ndolo como parte integrante de su web, utilizando marcos (\u201cframing\u201d), re-direccionamientos o cualquier otra medida que suponga ocultar el origen de la informaci\u00f3n.<\/li>\n\n\n\n<li>No se autorizan el establecimiento de links a Xela Properties, desde sitios web que contengan contenidos il\u00edcitos, ilegales, degradantes u obscenos, contraviniendo la Ley o el orden p\u00fablico.<\/li>\n<\/ol>\n\n\n\n<h3 class=\"wp-block-heading\"><br><br>4.Exoneraci\u00f3n de Responsabilidad:<\/h3>\n\n\n\n<p>Los contenidos de la p\u00e1gina web pueden tener incorrecciones o erratas. Xela Properties no es responsable, ni podr\u00e1 responsabilizarse, de cualquier medio o modo, por las incorrecciones o errores, da\u00f1os causados o resultantes de la utilizaci\u00f3n de informaci\u00f3n derivada de la p\u00e1gina web, o a trav\u00e9s de la p\u00e1gina web, por parte de los usuarios. El usuario es el \u00fanico y exclusivo responsable de la evaluaci\u00f3n de la informaci\u00f3n y los contenidos obtenidos mediante la p\u00e1gina web.<br><\/p>\n\n\n\n<p>En particular, Xela Properties no asume responsabilidad alguna sobre la veracidad de la informaci\u00f3n directamente originada por sus clientes y usuarios, ya sean ofertas y\/o demandas, comentarios en la web o el blog sobre productos o servicios, informaci\u00f3n corporativa de empresas, o cualquier otro contenido procedente de documentaci\u00f3n propia de clientes y usuarios.<br><\/p>\n\n\n\n<p>En ning\u00fan caso Xela Properties ser\u00e1 responsable de cualquier tipo de perjuicio, p\u00e9rdidas, reclamaciones o gastos de ning\u00fan tipo, tanto si procede, directa o indirectamente, del uso y\/o difusi\u00f3n de la &nbsp;p\u00e1gina web o de la informaci\u00f3n, de fallos operativos o de interrupciones en el servicio o transmisi\u00f3n o de fallos en la l\u00ednea en el uso de la web, tanto por conexi\u00f3n directa como por v\u00ednculo u otro medio, constituyendo a todos los efectos legales un aviso a cualquier usuario de que estas posibilidades y eventos pueden ocurrir.<br><\/p>\n\n\n\n<p>Xela Properties se reserva la facultad de modificar, suspender, cancelar o restringir el contenido de la p\u00e1gina web, los v\u00ednculos o la informaci\u00f3n obtenida a trav\u00e9s de ella, sin necesidad de previo aviso y sin que se genere ning\u00fan tipo de indemnizaci\u00f3n.<br><\/p>\n\n\n\n<p>Xela Properties, en ning\u00fan caso, asume responsabilidad alguna como consecuencia de la incorrecta utilizaci\u00f3n de la web que pueda llevar a cabo el usuario, tanto de la informaci\u00f3n como de los productos o servicios contenidos en la web.<\/p>\n\n\n\n<p><\/p>\n\n\n\n<h3 class=\"wp-block-heading\">5. Pol\u00edtica de Privacidad<\/h3>\n\n\n\n<p>Estamos profundamente comprometidos con el cumplimiento de la normativa de protecci\u00f3n de datos personales y garantizamos el cumplimiento \u00edntegro de las obligaciones, as\u00ed como la implementaci\u00f3n de las medidas de seguridad dispuestas al Reglamento Europeo de Protecci\u00f3n de Datos (RGPD) y la normativa espa\u00f1ola de protecci\u00f3n de datos (LOPDGDD). Para m\u00e1s informaci\u00f3n, puede visitar nuestra <a rel=\"noreferrer noopener\" href=\"https:\/\/xelaprop.com\/politica-de-privacidad\/\" target=\"_blank\">Pol\u00edtica de Privacidad<\/a>.<\/p>\n\n\n\n<p><\/p>\n\n\n\n<h3 class=\"wp-block-heading\">6. Anal\u00edtica Web y uso de &#8220;Cookies&#8221;y \u201cDARD\u2019s\u201d<\/h3>\n\n\n\n<p>Cuando se accede a la p\u00e1gina web, se generan de forma autom\u00e1tica e imperceptible archivos de texto en su equipo denominados \u201cCookies\u201d o \u201cDARD\u2019s\u201d Dispositivos de Almacenamiento y Recuperaci\u00f3n de Informaci\u00f3n. En estos archivos se almacenan un m\u00ednimo de informaci\u00f3n que permite reconocerle como visitante previo y eventualmente adaptar la configuraci\u00f3n y contenido a sus preferencias al acceder a la web.<br><\/p>\n\n\n\n<p>Puede rechazar el uso de \u201cCookies\u201d mediante la selecci\u00f3n de la configuraci\u00f3n apropiada en su navegador y a trav\u00e9s del centro de preferencias de Cookies habilitado. Cumpliendo as\u00ed las directrices de la AEPD plasmadas en la Gu\u00eda sobre el uso de Cookies.<br>Para m\u00e1s informaci\u00f3n puede acceder a nuestra <a rel=\"noreferrer noopener\" href=\"https:\/\/xelaprop.com\/politica-de-cookies\/\" target=\"_blank\">Pol\u00edtica de Cookies<\/a>.<\/p>\n\n\n\n<p><\/p>\n\n\n\n<h3 class=\"wp-block-heading\">7. Normas para la publicaci\u00f3n de comentarios:<\/h3>\n\n\n\n<p>Como usuario en nuestro blog, eventualmente puede realizar comentarios para que sean publicados. La utilizaci\u00f3n de este servicio queda sujeta a las siguientes cl\u00e1usulas:<\/p>\n\n\n\n<ol class=\"wp-block-list\" type=\"1\">\n<li>La publicaci\u00f3n del comentario es totalmente discrecional a criterio exclusivo de Xela Properties. Como usuario acepta la posibilidad que el comentario no sea publicado. La no publicaci\u00f3n del material enviado no dar\u00e1 lugar a ning\u00fan tipo de indemnizaci\u00f3n.<\/li>\n\n\n\n<li>Responsabilidad del usuario. Al participar en espacios eventualmente habilitados, el usuario es el \u00fanico responsable de los mensajes que difunda a trav\u00e9s de aquellos, garantizando a Xela Properties la total indemnidad frente cualquier reclamaci\u00f3n que pudiera plante\u00e1rsele por tales conceptos.<\/li>\n\n\n\n<li>En caso de que los mensajes contengan material protegido por derechos de propiedad intelectual o industrial, como usuario garantiza que es su propietario o cuenta con la autorizaci\u00f3n del propietario o licencia de uso para difundirlo. Eximiendo a Xela Properties de cualquier reclamaci\u00f3n de terceros que se planteara por tales conceptos.<\/li>\n\n\n\n<li>Contenidos: como usuario deber\u00e1, antes de publicar un mensaje o comentario, elegir el espacio adecuado. Aquellos mensajes que no se ajusten a la tem\u00e1tica de contenidos de la web ser\u00e1n eliminados. En la publicaci\u00f3n de comentarios, no se aceptan anuncios, cadenas de mensajes de correo electr\u00f3nico o cualquier otro contenido que no sea opinar o debatir sobre art\u00edculos o noticias. Al utilizar los servicios, como usuario manifiesta su total conformidad con estas Condiciones Generales, comprometi\u00e9ndote a no utilizar nuestros canales y espacios habilitados para enviar mensajes que difamen o insulten, o que contengan informaci\u00f3n falsa, que sea inapropiada, abusiva, da\u00f1ina, pornogr\u00e1fica, amenazadora, da\u00f1ando la imagen p\u00fablica y\/o la vida privada de terceras personas o que por alguna causa infrinjan alguna ley. &nbsp;Respeto mutuo: como usuario deber\u00e1 respetar al resto de usuarios, siendo tolerante y respetuoso con los mensajes y opiniones de los dem\u00e1s usuarios.<\/li>\n\n\n\n<li>Xela Properties, podr\u00e1 limitar, en la medida que tuviera conocimiento de ello, el acceso a la web de opiniones, informaciones, comentarios, im\u00e1genes y, en general, de cualquier clase de material que vulnere lo dispuesto anteriormente. De acuerdo a lo anterior, Xela Properties estar\u00e1 legitimada para suspender de forma inmediata la prestaci\u00f3n del servicio y, en su caso, para retirar los contenidos presunta o declaradamente ilegales, a su exclusivo criterio, o a petici\u00f3n de tercero afectado o de la autoridad competente.<\/li>\n\n\n\n<li>Cesi\u00f3n del contenido: Xela Properties se reserva el derecho a reproducir, modificar, o difundir los mensajes publicados en la web o los blogs o redes sociales conforme a los t\u00e9rminos y medios convenientes sin que por ello corresponda al usuario ning\u00fan tipo de compensaci\u00f3n.<\/li>\n\n\n\n<li>Exoneraci\u00f3n de responsabilidad: Xela Properties no es responsable de lo publicado en los comentarios y noticias de la web ni garantiza la veracidad o exactitud de ninguna informaci\u00f3n publicada en los mismos. Corresponde al usuario remitente de los mensajes o informaciones la responsabilidad sobre su contenido.<\/li>\n\n\n\n<li>No integridad del servicio: Xela Properties no garantiza la disponibilidad ni continuidad de las secciones de comentarios y noticias de su web y\/o blog, pudiendo modificarlo, suspenderlo o eliminarlo de la web sin previo aviso, en cualquier momento.<\/li>\n\n\n\n<li>Denuncia: En el caso de que como usuario pueda verse afectado por actuaciones ilegales, o detecte un mal uso de las secciones de la web por parte de otros usuarios, puede ponerlo en conocimiento de Xela Properties, a trav\u00e9s del correo electr\u00f3nico, <a href=\"mailto:%20info@xelaprop.com\">&nbsp;info@xelaprop.com<\/a> indicando en la referencia del asunto \u201cmoderaci\u00f3n de contenido de usuarios\u201d, para que procedamos a moderar o eliminar los mismos.<\/li>\n\n\n\n<li>Indemnidad: Como usuario mantendr\u00e1 indemne a Xela Properties frente a cualquier reclamaci\u00f3n que pudiera presentarse por los mensajes que hayas difundido en los blogs o por cualquier otra conducta vinculada o derivada de la utilizaci\u00f3n por el de la web, blogs o redes sociales titularidad de Xela Properties.<\/li>\n<\/ol>\n\n\n\n<h3 class=\"wp-block-heading\">8. Derecho de exclusi\u00f3n:<\/h3>\n\n\n\n<p>Nos reservamos el derecho a denegar o retirar el acceso al portal y\/o los servicios ofrecidos sin necesidad de preaviso, a instancia propia o de un tercero, a aquellos usuarios que incumplan las presentes condiciones de uso.<\/p>\n\n\n\n<p><\/p>\n\n\n\n<h3 class=\"wp-block-heading\">9. Generalidades:<\/h3>\n\n\n\n<p>Perseguiremos el incumplimiento de las presentes condiciones, as\u00ed como cualquier utilizaci\u00f3n indebida de la web ejerciendo todas las acciones civiles y penales disponibles en el ordenamiento jur\u00eddico espa\u00f1ol y\/o Comunitario.<\/p>\n\n\n\n<p><\/p>\n\n\n\n<h3 class=\"wp-block-heading\">10. Modificaci\u00f3n de las presentes condiciones y duraci\u00f3n:<\/h3>\n\n\n\n<p>Podremos modificar en cualquier momento las condiciones aqu\u00ed determinadas sin ninguna obligaci\u00f3n de preaviso a los usuarios. La vigencia de las citadas condiciones ir\u00e1 en funci\u00f3n de su exposici\u00f3n y estar\u00e1n vigentes hasta que sean modificadas por otras debidamente publicadas.<\/p>\n\n\n\n<p><\/p>\n\n\n\n<h3 class=\"wp-block-heading\">11. Legislaci\u00f3n aplicable y fuero jurisdiccional competente<\/h3>\n\n\n\n<p>Este Aviso Legal y las condiciones generales que en \u00e9l se determinan se regir\u00e1n por la legislaci\u00f3n espa\u00f1ola.<br><\/p>\n\n\n\n<p>Xela Properties y el usuario, renuncian de forma expresa a cualquier otro fuero que pudiera corresponderles. Someti\u00e9ndose a la Jurisdicci\u00f3n de los Juzgados de la Ciudad de Barcelona, para todas aquellas cuestiones o acciones que pudieran ejercitarse derivadas de la prestaci\u00f3n de los servicios ofrecidos a trav\u00e9s de esta p\u00e1gina web y sobre la interpretaci\u00f3n, aplicaci\u00f3n, cumplimiento o incumplimiento de lo establecido en el presente Aviso Legal, Pol\u00edtica de Privacidad y dem\u00e1s condiciones particulares de cada servicio.&nbsp; Estas condiciones se regir\u00e1n o interpretar\u00e1n conforme a la legislaci\u00f3n espa\u00f1ola en aquello que no est\u00e9 expresamente establecido. Si el consumidor es considerado usuario a efectos del TRLGDCU el fuero jurisdiccional competente ser\u00e1 el de su domicilio de residencia, salvo que est\u00e9 fuera del territorio espa\u00f1ol.<\/p>\n","protected":false},"excerpt":{"rendered":"<p>1. Identificaci\u00f3n del Prestador de Servicios: Seg\u00fan establece el art\u00edculo 10 de la Ley 34\/2002, de 11 de Julio, de Servicios de la Sociedad de la Informaci\u00f3n y del Comercio &#8230; <a title=\"Legal Advice\" class=\"read-more\" href=\"https:\/\/xelaprop.com\/en\/aviso-legal\/\" aria-label=\"Read more about Legal Advice\">Read more<\/a><\/p>\n","protected":false},"author":2,"featured_media":0,"parent":0,"menu_order":0,"comment_status":"closed","ping_status":"closed","template":"","meta":{"_acf_changed":false,"wpupg_custom_link":[],"wpupg_custom_link_behaviour":[],"wpupg_custom_link_nofollow":[],"wpupg_custom_image":[],"wpupg_custom_image_id":[],"_joinchat":[],"footnotes":""},"class_list":{"0":"post-4987","1":"page","2":"type-page","3":"status-publish","5":"infinite-scroll-item","6":"no-featured-image-padding"},"acf":[],"_links":{"self":[{"href":"https:\/\/xelaprop.com\/en\/wp-json\/wp\/v2\/pages\/4987","targetHints":{"allow":["GET"]}}],"collection":[{"href":"https:\/\/xelaprop.com\/en\/wp-json\/wp\/v2\/pages"}],"about":[{"href":"https:\/\/xelaprop.com\/en\/wp-json\/wp\/v2\/types\/page"}],"author":[{"embeddable":true,"href":"https:\/\/xelaprop.com\/en\/wp-json\/wp\/v2\/users\/2"}],"replies":[{"embeddable":true,"href":"https:\/\/xelaprop.com\/en\/wp-json\/wp\/v2\/comments?post=4987"}],"version-history":[{"count":2,"href":"https:\/\/xelaprop.com\/en\/wp-json\/wp\/v2\/pages\/4987\/revisions"}],"predecessor-version":[{"id":10229,"href":"https:\/\/xelaprop.com\/en\/wp-json\/wp\/v2\/pages\/4987\/revisions\/10229"}],"wp:attachment":[{"href":"https:\/\/xelaprop.com\/en\/wp-json\/wp\/v2\/media?parent=4987"}],"curies":[{"name":"wp","href":"https:\/\/api.w.org\/{rel}","templated":true}]}}