{"id":6966,"date":"2020-02-12T10:54:03","date_gmt":"2020-02-12T09:54:03","guid":{"rendered":"https:\/\/xelaprop.com\/equipo\/"},"modified":"2023-04-19T18:53:02","modified_gmt":"2023-04-19T16:53:02","slug":"equip","status":"publish","type":"page","link":"https:\/\/xelaprop.com\/ca\/equip\/","title":{"rendered":"Equip"},"content":{"rendered":"\t\t<div data-elementor-type=\"wp-page\" data-elementor-id=\"6966\" class=\"elementor elementor-6966 elementor-186\" data-elementor-post-type=\"page\">\n\t\t\t\t\t\t<section class=\"elementor-section elementor-top-section elementor-element elementor-element-a34824c elementor-section-boxed elementor-section-height-default elementor-section-height-default\" data-id=\"a34824c\" data-element_type=\"section\" data-e-type=\"section\">\n\t\t\t\t\t\t<div class=\"elementor-container elementor-column-gap-default\">\n\t\t\t\t\t<div class=\"elementor-column elementor-col-100 elementor-top-column elementor-element elementor-element-36b7aa1\" data-id=\"36b7aa1\" data-element_type=\"column\" data-e-type=\"column\">\n\t\t\t<div class=\"elementor-widget-wrap elementor-element-populated\">\n\t\t\t\t\t\t<div class=\"elementor-element elementor-element-084d913 elementor-widget elementor-widget-heading\" data-id=\"084d913\" data-element_type=\"widget\" data-e-type=\"widget\" data-widget_type=\"heading.default\">\n\t\t\t\t<div class=\"elementor-widget-container\">\n\t\t\t\t\t<h2 class=\"elementor-heading-title elementor-size-medium\">Volem ser el teu Agent Immobiliari Personal i per aconseguir-ho apliquem els valors que defineixen la nostra empresa: la professionalitat, la transpar\u00e8ncia, l'efic\u00e0cia i l'empatia. El nostre principi b\u00e0sic de treball \u00e9s l'acompanyament integral en totes les operacions i el nostre objectiu \u00e9s aconseguir la m\u00e0xima satisfacci\u00f3 de tots els nostres clients.<\/h2>\t\t\t\t<\/div>\n\t\t\t\t<\/div>\n\t\t\t\t\t<\/div>\n\t\t<\/div>\n\t\t\t\t\t<\/div>\n\t\t<\/section>\n\t\t\t\t<section class=\"elementor-section elementor-top-section elementor-element elementor-element-a17a830 elementor-section-boxed elementor-section-height-default elementor-section-height-default\" data-id=\"a17a830\" data-element_type=\"section\" data-e-type=\"section\" data-settings=\"{&quot;background_background&quot;:&quot;classic&quot;}\">\n\t\t\t\t\t\t<div class=\"elementor-container elementor-column-gap-default\">\n\t\t\t\t\t<div class=\"elementor-column elementor-col-100 elementor-top-column elementor-element elementor-element-24c2876\" data-id=\"24c2876\" data-element_type=\"column\" data-e-type=\"column\">\n\t\t\t<div class=\"elementor-widget-wrap elementor-element-populated\">\n\t\t\t\t\t\t<section class=\"elementor-section elementor-inner-section elementor-element elementor-element-76a2711 elementor-section-content-middle elementor-section-boxed elementor-section-height-default elementor-section-height-default\" data-id=\"76a2711\" data-element_type=\"section\" data-e-type=\"section\">\n\t\t\t\t\t\t<div class=\"elementor-container elementor-column-gap-default\">\n\t\t\t\t\t<div class=\"elementor-column elementor-col-33 elementor-inner-column elementor-element elementor-element-cc799f0\" data-id=\"cc799f0\" data-element_type=\"column\" data-e-type=\"column\">\n\t\t\t<div class=\"elementor-widget-wrap elementor-element-populated\">\n\t\t\t\t\t\t<div class=\"elementor-element elementor-element-2cfd737 elementor-position-top elementor-widget elementor-widget-image-box\" data-id=\"2cfd737\" data-element_type=\"widget\" data-e-type=\"widget\" data-widget_type=\"image-box.default\">\n\t\t\t\t<div class=\"elementor-widget-container\">\n\t\t\t\t\t<div class=\"elementor-image-box-wrapper\"><figure class=\"elementor-image-box-img\"><img fetchpriority=\"high\" decoding=\"async\" width=\"640\" height=\"640\" src=\"https:\/\/xelaprop.com\/wp-content\/uploads\/2023\/02\/alex-perfil-web-linkedin.jpg\" class=\"attachment-full size-full wp-image-9910\" alt=\"alex perfil\" srcset=\"https:\/\/xelaprop.com\/wp-content\/uploads\/2023\/02\/alex-perfil-web-linkedin.jpg 640w, https:\/\/xelaprop.com\/wp-content\/uploads\/2023\/02\/alex-perfil-web-linkedin-300x300.jpg 300w, https:\/\/xelaprop.com\/wp-content\/uploads\/2023\/02\/alex-perfil-web-linkedin-150x150.jpg 150w\" sizes=\"(max-width: 640px) 100vw, 640px\" \/><\/figure><div class=\"elementor-image-box-content\"><h3 class=\"elementor-image-box-title\">\u00c0lex Trav\u00e9<\/h3><p class=\"elementor-image-box-description\">Soci fundador, CEO<\/p><\/div><\/div>\t\t\t\t<\/div>\n\t\t\t\t<\/div>\n\t\t\t\t<div class=\"elementor-element elementor-element-f11f540 elementor-shape-circle e-grid-align-left e-grid-align-mobile-center elementor-grid-0 elementor-widget elementor-widget-social-icons\" data-id=\"f11f540\" data-element_type=\"widget\" data-e-type=\"widget\" data-widget_type=\"social-icons.default\">\n\t\t\t\t<div class=\"elementor-widget-container\">\n\t\t\t\t\t\t\t<div class=\"elementor-social-icons-wrapper elementor-grid\" role=\"list\">\n\t\t\t\t\t\t\t<span class=\"elementor-grid-item\" role=\"listitem\">\n\t\t\t\t\t<a class=\"elementor-icon elementor-social-icon elementor-social-icon-envelope elementor-animation-shrink elementor-repeater-item-ad92371\" href=\"mailto:atrave@xelaprop.com\" target=\"_blank\">\n\t\t\t\t\t\t<span class=\"elementor-screen-only\">Envelope<\/span>\n\t\t\t\t\t\t<i aria-hidden=\"true\" class=\"far fa-envelope\"><\/i>\t\t\t\t\t<\/a>\n\t\t\t\t<\/span>\n\t\t\t\t\t\t\t<span class=\"elementor-grid-item\" role=\"listitem\">\n\t\t\t\t\t<a class=\"elementor-icon elementor-social-icon elementor-social-icon-linkedin elementor-animation-shrink elementor-repeater-item-344ab8d\" href=\"https:\/\/www.linkedin.com\/in\/%C3%A0lex-trav%C3%A9-28b75015\/\" target=\"_blank\" rel=\"noopener\">\n\t\t\t\t\t\t<span class=\"elementor-screen-only\">Linkedin<\/span>\n\t\t\t\t\t\t<i aria-hidden=\"true\" class=\"fab fa-linkedin\"><\/i>\t\t\t\t\t<\/a>\n\t\t\t\t<\/span>\n\t\t\t\t\t<\/div>\n\t\t\t\t\t\t<\/div>\n\t\t\t\t<\/div>\n\t\t\t\t\t<\/div>\n\t\t<\/div>\n\t\t\t\t<div class=\"elementor-column elementor-col-66 elementor-inner-column elementor-element elementor-element-11f6b35\" data-id=\"11f6b35\" data-element_type=\"column\" data-e-type=\"column\">\n\t\t\t<div class=\"elementor-widget-wrap elementor-element-populated\">\n\t\t\t\t\t\t<div class=\"elementor-element elementor-element-41d02cf elementor-blockquote--skin-quotation elementor-blockquote--align-left elementor-widget elementor-widget-blockquote\" data-id=\"41d02cf\" data-element_type=\"widget\" data-e-type=\"widget\" data-widget_type=\"blockquote.default\">\n\t\t\t\t<div class=\"elementor-widget-container\">\n\t\t\t\t\t\t\t<blockquote class=\"elementor-blockquote\">\n\t\t\t<p class=\"elementor-blockquote__content\">\n\t\t\t\tDes de ben petit a casa meva, he sentit parlar de pisos, de hipoteques, he vist pl\u00e0nols d'arquitectes i he patit crisis i bons moments del sector immobiliari.\t\t\t<\/p>\n\t\t\t\t\t<\/blockquote>\n\t\t\t\t\t\t<\/div>\n\t\t\t\t<\/div>\n\t\t\t\t<div class=\"elementor-element elementor-element-91f22bd elementor-widget elementor-widget-text-editor\" data-id=\"91f22bd\" data-element_type=\"widget\" data-e-type=\"widget\" data-widget_type=\"text-editor.default\">\n\t\t\t\t<div class=\"elementor-widget-container\">\n\t\t\t\t\t\t\t\t\t<p>Podem dir que Alex \u00e9s un <strong>enamorat del m\u00f3n immobiliari<\/strong>, coneix d&#8217;una manera global el sector i tots els seus serveis relacionats.<\/p><p>Va comen\u00e7ar la seva traject\u00f2ria laboral amb una llarga <strong>etapa en el sector bancari<\/strong>, saltant despr\u00e9s a l&#8217;immobiliari on va trobar la seva veritable vocaci\u00f3. El pas per diverses ag\u00e8ncies immobili\u00e0ries de Barcelona, la <strong>direcci\u00f3 d&#8217;una franqu\u00edcia<\/strong> i la <strong>gesti\u00f3 d&#8217;un grup d&#8217;empreses promotores-constructores<\/strong> li han perm\u00e8s adquirir els coneixements i l&#8217;experi\u00e8ncia necessaris per a la creaci\u00f3 de Xela Properties, Real Estate.<\/p><div class=\"traductor-textarea form-group\"><div class=\"textarea-desti col-xs-12 col-sm-6\"><div class=\"form-control second-textarea\">La seva m\u00e0xima satisfacci\u00f3 arriba <strong>quan un antic client contacta amb ell perqu\u00e8 torna a necessitar un professional immobiliari<\/strong> o quan sol\u00b7liciten els seus serveis per una recomanaci\u00f3.<\/div><\/div><\/div>\t\t\t\t\t\t\t\t<\/div>\n\t\t\t\t<\/div>\n\t\t\t\t<div class=\"elementor-element elementor-element-7b15708 elementor-icon-list--layout-traditional elementor-list-item-link-full_width elementor-widget elementor-widget-icon-list\" data-id=\"7b15708\" data-element_type=\"widget\" data-e-type=\"widget\" data-widget_type=\"icon-list.default\">\n\t\t\t\t<div class=\"elementor-widget-container\">\n\t\t\t\t\t\t\t<ul class=\"elementor-icon-list-items\">\n\t\t\t\t\t\t\t<li class=\"elementor-icon-list-item\">\n\t\t\t\t\t\t\t\t\t\t\t<span class=\"elementor-icon-list-icon\">\n\t\t\t\t\t\t\t<i aria-hidden=\"true\" class=\"far fa-comment\"><\/i>\t\t\t\t\t\t<\/span>\n\t\t\t\t\t\t\t\t\t\t<span class=\"elementor-icon-list-text\">\u00c0lex parla <strong>catal\u00e0, castell\u00e0, angl\u00e8s<\/strong> i <strong>franc\u00e8s<\/strong>.<\/span>\n\t\t\t\t\t\t\t\t\t<\/li>\n\t\t\t\t\t\t<\/ul>\n\t\t\t\t\t\t<\/div>\n\t\t\t\t<\/div>\n\t\t\t\t\t<\/div>\n\t\t<\/div>\n\t\t\t\t\t<\/div>\n\t\t<\/section>\n\t\t\t\t<div class=\"elementor-element elementor-element-6f3cbfb elementor-widget-divider--view-line elementor-widget elementor-widget-divider\" data-id=\"6f3cbfb\" data-element_type=\"widget\" data-e-type=\"widget\" data-widget_type=\"divider.default\">\n\t\t\t\t<div class=\"elementor-widget-container\">\n\t\t\t\t\t\t\t<div class=\"elementor-divider\">\n\t\t\t<span class=\"elementor-divider-separator\">\n\t\t\t\t\t\t<\/span>\n\t\t<\/div>\n\t\t\t\t\t\t<\/div>\n\t\t\t\t<\/div>\n\t\t\t\t\t<\/div>\n\t\t<\/div>\n\t\t\t\t\t<\/div>\n\t\t<\/section>\n\t\t\t\t<\/div>\n\t\t","protected":false},"excerpt":{"rendered":"<p>Equip Xela<\/p>\n","protected":false},"author":3,"featured_media":9923,"parent":0,"menu_order":0,"comment_status":"closed","ping_status":"closed","template":"","meta":{"_acf_changed":false,"wpupg_custom_link":[],"wpupg_custom_link_behaviour":[],"wpupg_custom_link_nofollow":[],"wpupg_custom_image":[],"wpupg_custom_image_id":[],"_joinchat":[],"footnotes":""},"class_list":{"0":"post-6966","1":"page","2":"type-page","3":"status-publish","4":"has-post-thumbnail","6":"infinite-scroll-item","7":"no-featured-image-padding"},"acf":[],"_links":{"self":[{"href":"https:\/\/xelaprop.com\/ca\/wp-json\/wp\/v2\/pages\/6966","targetHints":{"allow":["GET"]}}],"collection":[{"href":"https:\/\/xelaprop.com\/ca\/wp-json\/wp\/v2\/pages"}],"about":[{"href":"https:\/\/xelaprop.com\/ca\/wp-json\/wp\/v2\/types\/page"}],"author":[{"embeddable":true,"href":"https:\/\/xelaprop.com\/ca\/wp-json\/wp\/v2\/users\/3"}],"replies":[{"embeddable":true,"href":"https:\/\/xelaprop.com\/ca\/wp-json\/wp\/v2\/comments?post=6966"}],"version-history":[{"count":53,"href":"https:\/\/xelaprop.com\/ca\/wp-json\/wp\/v2\/pages\/6966\/revisions"}],"predecessor-version":[{"id":10384,"href":"https:\/\/xelaprop.com\/ca\/wp-json\/wp\/v2\/pages\/6966\/revisions\/10384"}],"wp:featuredmedia":[{"embeddable":true,"href":"https:\/\/xelaprop.com\/ca\/wp-json\/wp\/v2\/media\/9923"}],"wp:attachment":[{"href":"https:\/\/xelaprop.com\/ca\/wp-json\/wp\/v2\/media?parent=6966"}],"curies":[{"name":"wp","href":"https:\/\/api.w.org\/{rel}","templated":true}]}}